{"id":6314,"date":"2024-12-06T08:27:59","date_gmt":"2024-12-06T05:27:59","guid":{"rendered":"https:\/\/dentleonturkey.com\/dr-dt-baran-agirbas\/"},"modified":"2026-04-18T17:11:02","modified_gmt":"2026-04-18T14:11:02","slug":"dr-dt-baran-agirbas","status":"publish","type":"page","link":"https:\/\/dentleonturkey.com\/es\/our-team\/dr-dt-baran-agirbas\/","title":{"rendered":"Dr. Dt. Baran Agirbas"},"content":{"rendered":"<style>.elementor-6314 .elementor-element.elementor-element-035b010 > .elementor-container{max-width:1290px;}.elementor-6314 .elementor-element.elementor-element-035b010{transition:background 0.3s, border 0.3s, border-radius 0.3s, box-shadow 0.3s;}.elementor-6314 .elementor-element.elementor-element-035b010 > .elementor-background-overlay{transition:background 0.3s, border-radius 0.3s, opacity 0.3s;}.elementor-6314 .elementor-element.elementor-element-fca3bc7.elementor-column > .elementor-widget-wrap{justify-content:center;}.elementor-6314 .elementor-element.elementor-element-6b4db92{text-align:center;}.elementor-6314 .elementor-element.elementor-element-6b4db92 .elementor-heading-title{font-family:var( --e-global-typography-0d5454c-font-family ), Sans-serif;font-size:var( --e-global-typography-0d5454c-font-size );font-weight:var( --e-global-typography-0d5454c-font-weight );line-height:var( --e-global-typography-0d5454c-line-height );letter-spacing:var( --e-global-typography-0d5454c-letter-spacing );word-spacing:var( --e-global-typography-0d5454c-word-spacing );color:var( --e-global-color-secondary );}.elementor-6314 .elementor-element.elementor-element-745801c{text-align:center;}.elementor-6314 .elementor-element.elementor-element-745801c .elementor-heading-title{font-family:var( --e-global-typography-secondary-font-family ), Sans-serif;font-size:var( --e-global-typography-secondary-font-size );font-weight:var( --e-global-typography-secondary-font-weight );line-height:var( --e-global-typography-secondary-line-height );color:#0D0D0D;}.elementor-6314 .elementor-element.elementor-element-f069ddd{text-align:center;font-family:var( --e-global-typography-text-font-family ), Sans-serif;font-size:var( --e-global-typography-text-font-size );font-weight:var( --e-global-typography-text-font-weight );line-height:var( --e-global-typography-text-line-height );color:var( --e-global-color-primary );}.elementor-6314 .elementor-element.elementor-element-f069ddd > .elementor-widget-container{padding:0% 25% 0% 25%;}.elementor-6314 .elementor-element.elementor-element-61c91b8 > .elementor-container{max-width:1290px;}.elementor-6314 .elementor-element.elementor-element-61c91b8{margin-top:40px;margin-bottom:40px;}.elementor-6314 .elementor-element.elementor-element-bfa6d05 > .elementor-element-populated{border-style:solid;margin:0px 0px 0px 0px;--e-column-margin-right:0px;--e-column-margin-left:0px;padding:0px 10px 0px 10px;}.elementor-6314 .elementor-element.elementor-element-43d7ce2.jkit-equal-height-enable, .elementor-6314 .elementor-element.elementor-element-43d7ce2.jkit-equal-height-enable > .elementor-widget-container, .elementor-6314 .elementor-element.elementor-element-43d7ce2.jkit-equal-height-enable .jeg-elementor-kit.jkit-image-box, .elementor-6314 .elementor-element.elementor-element-43d7ce2.jkit-equal-height-enable .jeg-elementor-kit.jkit-image-box .image-box-body .body-inner{height:100%;}.elementor-6314 .elementor-element.elementor-element-43d7ce2 .jeg-elementor-kit.jkit-image-box{flex-direction:column;}.elementor-6314 .elementor-element.elementor-element-43d7ce2 .jeg-elementor-kit.jkit-image-box .image-box-body .body-inner{text-align:left;}.elementor-6314 .elementor-element.elementor-element-43d7ce2 .jeg-elementor-kit.jkit-image-box .image-box-header img{object-fit:cover;opacity:100%;}.elementor-6314 .elementor-element.elementor-element-43d7ce2 .jeg-elementor-kit.jkit-image-box:hover .image-box-header img{opacity:60%;-webkit-transform:scale(1.1);-o-transform:scale(1.1);-moz-transform:scale(1.1);-ms-transform:scale(1.1);transform:scale(1.1);}.elementor-6314 .elementor-element.elementor-element-43d7ce2 .jeg-elementor-kit.jkit-image-box .image-box-body .body-title.icon-position-before i, .elementor-6314 .elementor-element.elementor-element-43d7ce2 .jeg-elementor-kit.jkit-image-box .image-box-body .body-title.icon-position-before svg{margin-right:5px;}.elementor-6314 .elementor-element.elementor-element-43d7ce2 .jeg-elementor-kit.jkit-image-box .image-box-body .body-title.icon-position-after i, .elementor-6314 .elementor-element.elementor-element-43d7ce2 .jeg-elementor-kit.jkit-image-box .image-box-body .body-title.icon-position-after svg{margin-left:5px;}.elementor-6314 .elementor-element.elementor-element-43d7ce2 .jeg-elementor-kit.jkit-image-box .image-box-body .body-title{color:var( --e-global-color-primary );}.elementor-6314 .elementor-element.elementor-element-43d7ce2 .jeg-elementor-kit.jkit-image-box .image-box-body .body-title i{color:var( --e-global-color-primary );}.elementor-6314 .elementor-element.elementor-element-43d7ce2 .jeg-elementor-kit.jkit-image-box .image-box-body .body-title svg{fill:var( --e-global-color-primary );}.elementor-6314 .elementor-element.elementor-element-43d7ce2 .jeg-elementor-kit.jkit-image-box .image-box-body .body-inner .body-description{color:var( --e-global-color-primary );}.elementor-6314 .elementor-element.elementor-element-43d7ce2 > .elementor-widget-container{margin:0px 0px 0px 0px;padding:0px 0px 0px 0px;border-style:none;border-radius:0px 0px 0px 0px;}.elementor-6314 .elementor-element.elementor-element-c21af7c > .elementor-element-populated{border-style:solid;margin:0px 0px 0px 0px;--e-column-margin-right:0px;--e-column-margin-left:0px;padding:0px 10px 0px 10px;}.elementor-6314 .elementor-element.elementor-element-a64afda{color:var( --e-global-color-primary );}@media(min-width:768px){.elementor-6314 .elementor-element.elementor-element-bfa6d05{width:34.961%;}.elementor-6314 .elementor-element.elementor-element-c21af7c{width:65.039%;}}@media(max-width:1024px){.elementor-6314 .elementor-element.elementor-element-035b010{padding:80px 10px 80px 10px;}.elementor-6314 .elementor-element.elementor-element-fca3bc7 > .elementor-element-populated{padding:0px 10px 0px 10px;}.elementor-6314 .elementor-element.elementor-element-6b4db92 .elementor-heading-title{font-size:var( --e-global-typography-0d5454c-font-size );line-height:var( --e-global-typography-0d5454c-line-height );letter-spacing:var( --e-global-typography-0d5454c-letter-spacing );word-spacing:var( --e-global-typography-0d5454c-word-spacing );}.elementor-6314 .elementor-element.elementor-element-745801c .elementor-heading-title{font-size:var( --e-global-typography-secondary-font-size );line-height:var( --e-global-typography-secondary-line-height );}.elementor-6314 .elementor-element.elementor-element-f069ddd{font-size:var( --e-global-typography-text-font-size );line-height:var( --e-global-typography-text-line-height );}.elementor-6314 .elementor-element.elementor-element-f069ddd > .elementor-widget-container{padding:0% 10% 0% 10%;}.elementor-6314 .elementor-element.elementor-element-61c91b8{margin-top:20px;margin-bottom:0px;}}@media(max-width:767px){.elementor-6314 .elementor-element.elementor-element-035b010{padding:40px 10px 40px 10px;}.elementor-6314 .elementor-element.elementor-element-6b4db92 .elementor-heading-title{font-size:var( --e-global-typography-0d5454c-font-size );line-height:var( --e-global-typography-0d5454c-line-height );letter-spacing:var( --e-global-typography-0d5454c-letter-spacing );word-spacing:var( --e-global-typography-0d5454c-word-spacing );}.elementor-6314 .elementor-element.elementor-element-745801c .elementor-heading-title{font-size:var( --e-global-typography-secondary-font-size );line-height:var( --e-global-typography-secondary-line-height );}.elementor-6314 .elementor-element.elementor-element-f069ddd{font-size:var( --e-global-typography-text-font-size );line-height:var( --e-global-typography-text-line-height );}.elementor-6314 .elementor-element.elementor-element-f069ddd > .elementor-widget-container{padding:0px 0px 0px 0px;}.elementor-6314 .elementor-element.elementor-element-bfa6d05 > .elementor-element-populated{margin:20px 0px 0px 0px;--e-column-margin-right:0px;--e-column-margin-left:0px;}.elementor-6314 .elementor-element.elementor-element-c21af7c > .elementor-element-populated{margin:20px 0px 0px 0px;--e-column-margin-right:0px;--e-column-margin-left:0px;}}<\/style>\t\t<div data-elementor-type=\"wp-page\" data-elementor-id=\"6314\" class=\"elementor elementor-6314 elementor-2227\" data-elementor-post-type=\"page\">\n\t\t\t\t\t\t<section class=\"elementor-section elementor-top-section elementor-element elementor-element-035b010 down elementor-section-boxed elementor-section-height-default elementor-section-height-default\" data-id=\"035b010\" data-element_type=\"section\" data-e-type=\"section\" id=\"down\" data-settings=\"{&quot;background_background&quot;:&quot;classic&quot;}\">\n\t\t\t\t\t\t<div class=\"elementor-container elementor-column-gap-default\">\n\t\t\t\t\t<div class=\"elementor-column elementor-col-100 elementor-top-column elementor-element elementor-element-fca3bc7\" data-id=\"fca3bc7\" data-element_type=\"column\" data-e-type=\"column\">\n\t\t\t<div class=\"elementor-widget-wrap elementor-element-populated\">\n\t\t\t\t\t\t<div class=\"elementor-element elementor-element-6b4db92 elementor-widget elementor-widget-heading\" data-id=\"6b4db92\" data-element_type=\"widget\" data-e-type=\"widget\" data-widget_type=\"heading.default\">\n\t\t\t\t<div class=\"elementor-widget-container\">\n\t\t\t\t\t<h5 class=\"elementor-heading-title elementor-size-default\">Nuestros m\u00e9dicos<\/h5>\t\t\t\t<\/div>\n\t\t\t\t<\/div>\n\t\t\t\t<div class=\"elementor-element elementor-element-745801c elementor-widget elementor-widget-heading\" data-id=\"745801c\" data-element_type=\"widget\" data-e-type=\"widget\" data-widget_type=\"heading.default\">\n\t\t\t\t<div class=\"elementor-widget-container\">\n\t\t\t\t\t<h2 class=\"elementor-heading-title elementor-size-default\">Equipo de profesionales<\/h2>\t\t\t\t<\/div>\n\t\t\t\t<\/div>\n\t\t\t\t<div class=\"elementor-element elementor-element-f069ddd elementor-widget elementor-widget-text-editor\" data-id=\"f069ddd\" data-element_type=\"widget\" data-e-type=\"widget\" data-widget_type=\"text-editor.default\">\n\t\t\t\t<div class=\"elementor-widget-container\">\n\t\t\t\t\t\t\t\t\t<p>Tenemos m\u00e1s de 25 a\u00f1os de experiencia<\/p>\t\t\t\t\t\t\t\t<\/div>\n\t\t\t\t<\/div>\n\t\t\t\t<section class=\"elementor-section elementor-inner-section elementor-element elementor-element-61c91b8 elementor-section-boxed elementor-section-height-default elementor-section-height-default\" data-id=\"61c91b8\" data-element_type=\"section\" data-e-type=\"section\">\n\t\t\t\t\t\t<div class=\"elementor-container elementor-column-gap-no\">\n\t\t\t\t\t<div class=\"elementor-column elementor-col-50 elementor-inner-column elementor-element elementor-element-bfa6d05\" data-id=\"bfa6d05\" data-element_type=\"column\" data-e-type=\"column\">\n\t\t\t<div class=\"elementor-widget-wrap elementor-element-populated\">\n\t\t\t\t\t\t<div class=\"elementor-element elementor-element-43d7ce2 jkit-equal-height-disable elementor-widget elementor-widget-jkit_image_box\" data-id=\"43d7ce2\" data-element_type=\"widget\" data-e-type=\"widget\" data-widget_type=\"jkit_image_box.default\">\n\t\t\t\t<div class=\"elementor-widget-container\">\n\t\t\t\t\t<div  class=\"jeg-elementor-kit jkit-image-box style-default elementor-animation- jeg_module___69fb24588e6f1\" ><a href=\"#\"><div class=\"image-box-header elementor-animation-\"><img fetchpriority=\"high\" decoding=\"async\" width=\"1347\" height=\"1536\" src=\"https:\/\/dentleonturkey.com\/wp-content\/uploads\/2024\/09\/1baranagirbas.jpg\" class=\"attachment-full size-full\" alt=\"\" srcset=\"https:\/\/dentleonturkey.com\/wp-content\/uploads\/2024\/09\/1baranagirbas.jpg 1347w, https:\/\/dentleonturkey.com\/wp-content\/uploads\/2024\/09\/1baranagirbas-263x300.jpg 263w, https:\/\/dentleonturkey.com\/wp-content\/uploads\/2024\/09\/1baranagirbas-898x1024.jpg 898w, https:\/\/dentleonturkey.com\/wp-content\/uploads\/2024\/09\/1baranagirbas-768x876.jpg 768w\" sizes=\"(max-width: 1347px) 100vw, 1347px\" \/><\/div><\/a><div class=\"image-box-body\">\n            <div class=\"body-inner\"><h2 class=\"body-title icon-position-before\">Dr. Dt. Baran Agirbas<\/h2>\n                <div class=\"body-description\"><h4>Dentist<\/h4><p>Oral and Maxillofacial Surgery<\/p><\/div>\n                <div class=\"body-button\"><\/div>\n                \n            <\/div>\n        <\/div><\/div>\t\t\t\t<\/div>\n\t\t\t\t<\/div>\n\t\t\t\t\t<\/div>\n\t\t<\/div>\n\t\t\t\t<div class=\"elementor-column elementor-col-50 elementor-inner-column elementor-element elementor-element-c21af7c\" data-id=\"c21af7c\" data-element_type=\"column\" data-e-type=\"column\">\n\t\t\t<div class=\"elementor-widget-wrap elementor-element-populated\">\n\t\t\t\t\t\t<div class=\"elementor-element elementor-element-a64afda elementor-widget elementor-widget-text-editor\" data-id=\"a64afda\" data-element_type=\"widget\" data-e-type=\"widget\" data-widget_type=\"text-editor.default\">\n\t\t\t\t<div class=\"elementor-widget-container\">\n\t\t\t\t\t\t\t\t\t<h3>Dr. Dt. Baran Agirbas <\/h3><p><span style=\"color: #000000;\">Cirug\u00eda Oral y Maxilofacial<\/span><\/p><p><span style=\"color: #000000;\">El Dr. Dt. Baran Agirbas gan\u00f3 el Bornova Anatolian High School como el n\u00famero 500 de T\u00fcrkiye. Se gradu\u00f3 de la escuela secundaria en 2006.Mostr\u00f3 un \u00e9xito excepcional en el examen en Turqu\u00eda y se coloc\u00f3 en primer lugar en la Facultad de Odontolog\u00eda de la Universidad de Ege. Se gradu\u00f3 en la Facultad de Odontolog\u00eda en 2013. Fue aceptado en el Departamento de Cirug\u00eda Oral y Maxilofacial de la Universidad Medipol de Estambul. Complet\u00f3 6 a\u00f1os de formaci\u00f3n doctoral en Cirug\u00eda de Implantes y Senos Paranasales.     <\/span><\/p><p><span style=\"color: #000000;\">Ha asistido a numerosos seminarios y cursos de formaci\u00f3n tanto nacionales como internacionales. Se ha colocado en plataformas nacionales e internacionales como A\u00c7BID, TAOMS, ITI. <\/span><\/p><p><span style=\"color: #000000;\"><strong>Educaci\u00f3n<\/strong><\/span><\/p><p><span style=\"color: #000000;\">Facultad de Odontolog\u00eda de la Universidad Ege<\/span><br><span style=\"color: #000000;\">Universidad Medipol de Estambul Cirug\u00eda Oral y Maxilofacial<\/span><\/p><p><span style=\"color: #000000;\"><strong>Lengua extranjera<\/strong><\/span><\/p><p><span style=\"color: #000000;\">Ingl\u00e9s<\/span><\/p><p><span style=\"color: #000000;\"><strong>\u00c1reas de especializaci\u00f3n<\/strong><\/span><\/p><p><span style=\"color: #000000;\">Cirug\u00eda Oral y Maxilofacial<\/span><\/p>\t\t\t\t\t\t\t\t<\/div>\n\t\t\t\t<\/div>\n\t\t\t\t\t<\/div>\n\t\t<\/div>\n\t\t\t\t\t<\/div>\n\t\t<\/section>\n\t\t\t\t\t<\/div>\n\t\t<\/div>\n\t\t\t\t\t<\/div>\n\t\t<\/section>\n\t\t\t\t<\/div>\n\t\t","protected":false},"excerpt":{"rendered":"<p>Nuestros m\u00e9dicos Equipo de profesionales Tenemos m\u00e1s de 25 a\u00f1os de experiencia Dr. Dt. Baran Agirbas Dentist Oral and Maxillofacial Surgery Dr. Dt. Baran Agirbas Cirug\u00eda Oral y Maxilofacial El Dr. Dt. Baran Agirbas gan\u00f3 el Bornova Anatolian High School como el n\u00famero 500 de T\u00fcrkiye. Se gradu\u00f3 de la escuela secundaria en 2006.Mostr\u00f3 un [&hellip;]<\/p>\n","protected":false},"author":2,"featured_media":0,"parent":6475,"menu_order":0,"comment_status":"closed","ping_status":"closed","template":"elementor_header_footer","meta":{"footnotes":""},"class_list":["post-6314","page","type-page","status-publish","hentry"],"_links":{"self":[{"href":"https:\/\/dentleonturkey.com\/es\/wp-json\/wp\/v2\/pages\/6314","targetHints":{"allow":["GET"]}}],"collection":[{"href":"https:\/\/dentleonturkey.com\/es\/wp-json\/wp\/v2\/pages"}],"about":[{"href":"https:\/\/dentleonturkey.com\/es\/wp-json\/wp\/v2\/types\/page"}],"author":[{"embeddable":true,"href":"https:\/\/dentleonturkey.com\/es\/wp-json\/wp\/v2\/users\/2"}],"replies":[{"embeddable":true,"href":"https:\/\/dentleonturkey.com\/es\/wp-json\/wp\/v2\/comments?post=6314"}],"version-history":[{"count":1,"href":"https:\/\/dentleonturkey.com\/es\/wp-json\/wp\/v2\/pages\/6314\/revisions"}],"predecessor-version":[{"id":6315,"href":"https:\/\/dentleonturkey.com\/es\/wp-json\/wp\/v2\/pages\/6314\/revisions\/6315"}],"up":[{"embeddable":true,"href":"https:\/\/dentleonturkey.com\/es\/wp-json\/wp\/v2\/pages\/6475"}],"wp:attachment":[{"href":"https:\/\/dentleonturkey.com\/es\/wp-json\/wp\/v2\/media?parent=6314"}],"curies":[{"name":"wp","href":"https:\/\/api.w.org\/{rel}","templated":true}]}}