{"id":6321,"date":"2024-12-05T16:46:55","date_gmt":"2024-12-05T13:46:55","guid":{"rendered":"https:\/\/dentleonturkey.com\/dr-dt-ahmet-yigit-hepsenol\/"},"modified":"2026-04-18T17:11:02","modified_gmt":"2026-04-18T14:11:02","slug":"dr-dt-ahmet-yigit-hepsenol","status":"publish","type":"page","link":"https:\/\/dentleonturkey.com\/es\/our-team\/dr-dt-ahmet-yigit-hepsenol\/","title":{"rendered":"Dr. Dt. Ahmet Yigit Hepsenol"},"content":{"rendered":"<style>.elementor-6321 .elementor-element.elementor-element-035b010 > .elementor-container{max-width:1290px;}.elementor-6321 .elementor-element.elementor-element-035b010{transition:background 0.3s, border 0.3s, border-radius 0.3s, box-shadow 0.3s;}.elementor-6321 .elementor-element.elementor-element-035b010 > .elementor-background-overlay{transition:background 0.3s, border-radius 0.3s, opacity 0.3s;}.elementor-6321 .elementor-element.elementor-element-fca3bc7.elementor-column > .elementor-widget-wrap{justify-content:center;}.elementor-6321 .elementor-element.elementor-element-6b4db92{text-align:center;}.elementor-6321 .elementor-element.elementor-element-6b4db92 .elementor-heading-title{font-family:var( --e-global-typography-0d5454c-font-family ), Sans-serif;font-size:var( --e-global-typography-0d5454c-font-size );font-weight:var( --e-global-typography-0d5454c-font-weight );line-height:var( --e-global-typography-0d5454c-line-height );letter-spacing:var( --e-global-typography-0d5454c-letter-spacing );word-spacing:var( --e-global-typography-0d5454c-word-spacing );color:var( --e-global-color-secondary );}.elementor-6321 .elementor-element.elementor-element-745801c{text-align:center;}.elementor-6321 .elementor-element.elementor-element-745801c .elementor-heading-title{font-family:var( --e-global-typography-secondary-font-family ), Sans-serif;font-size:var( --e-global-typography-secondary-font-size );font-weight:var( --e-global-typography-secondary-font-weight );line-height:var( --e-global-typography-secondary-line-height );color:#0D0D0D;}.elementor-6321 .elementor-element.elementor-element-f069ddd{text-align:center;font-family:var( --e-global-typography-text-font-family ), Sans-serif;font-size:var( --e-global-typography-text-font-size );font-weight:var( --e-global-typography-text-font-weight );line-height:var( --e-global-typography-text-line-height );color:var( --e-global-color-primary );}.elementor-6321 .elementor-element.elementor-element-f069ddd > .elementor-widget-container{padding:0% 25% 0% 25%;}.elementor-6321 .elementor-element.elementor-element-61c91b8 > .elementor-container{max-width:1290px;}.elementor-6321 .elementor-element.elementor-element-61c91b8{margin-top:40px;margin-bottom:0px;}.elementor-6321 .elementor-element.elementor-element-bfa6d05 > .elementor-element-populated{border-style:solid;margin:0px 0px 0px 0px;--e-column-margin-right:0px;--e-column-margin-left:0px;padding:0px 10px 0px 10px;}.elementor-6321 .elementor-element.elementor-element-43d7ce2.jkit-equal-height-enable, .elementor-6321 .elementor-element.elementor-element-43d7ce2.jkit-equal-height-enable > .elementor-widget-container, .elementor-6321 .elementor-element.elementor-element-43d7ce2.jkit-equal-height-enable .jeg-elementor-kit.jkit-image-box, .elementor-6321 .elementor-element.elementor-element-43d7ce2.jkit-equal-height-enable .jeg-elementor-kit.jkit-image-box .image-box-body .body-inner{height:100%;}.elementor-6321 .elementor-element.elementor-element-43d7ce2 .jeg-elementor-kit.jkit-image-box{flex-direction:column;}.elementor-6321 .elementor-element.elementor-element-43d7ce2 .jeg-elementor-kit.jkit-image-box .image-box-body .body-inner{text-align:left;}.elementor-6321 .elementor-element.elementor-element-43d7ce2 .jeg-elementor-kit.jkit-image-box .image-box-header img{object-fit:cover;opacity:100%;}.elementor-6321 .elementor-element.elementor-element-43d7ce2 .jeg-elementor-kit.jkit-image-box:hover .image-box-header img{opacity:60%;-webkit-transform:scale(1.1);-o-transform:scale(1.1);-moz-transform:scale(1.1);-ms-transform:scale(1.1);transform:scale(1.1);}.elementor-6321 .elementor-element.elementor-element-43d7ce2 .jeg-elementor-kit.jkit-image-box .image-box-body .body-title.icon-position-before i, .elementor-6321 .elementor-element.elementor-element-43d7ce2 .jeg-elementor-kit.jkit-image-box .image-box-body .body-title.icon-position-before svg{margin-right:5px;}.elementor-6321 .elementor-element.elementor-element-43d7ce2 .jeg-elementor-kit.jkit-image-box .image-box-body .body-title.icon-position-after i, .elementor-6321 .elementor-element.elementor-element-43d7ce2 .jeg-elementor-kit.jkit-image-box .image-box-body .body-title.icon-position-after svg{margin-left:5px;}.elementor-6321 .elementor-element.elementor-element-43d7ce2 .jeg-elementor-kit.jkit-image-box .image-box-body .body-title{color:var( --e-global-color-primary );}.elementor-6321 .elementor-element.elementor-element-43d7ce2 .jeg-elementor-kit.jkit-image-box .image-box-body .body-title i{color:var( --e-global-color-primary );}.elementor-6321 .elementor-element.elementor-element-43d7ce2 .jeg-elementor-kit.jkit-image-box .image-box-body .body-title svg{fill:var( --e-global-color-primary );}.elementor-6321 .elementor-element.elementor-element-43d7ce2 .jeg-elementor-kit.jkit-image-box .image-box-body .body-inner .body-description{color:var( --e-global-color-primary );}.elementor-6321 .elementor-element.elementor-element-43d7ce2 > .elementor-widget-container{margin:0px 0px 0px 0px;padding:0px 0px 0px 0px;border-style:none;border-radius:0px 0px 0px 0px;}.elementor-6321 .elementor-element.elementor-element-c21af7c > .elementor-element-populated{border-style:solid;margin:0px 0px 0px 0px;--e-column-margin-right:0px;--e-column-margin-left:0px;padding:0px 10px 0px 10px;}.elementor-6321 .elementor-element.elementor-element-a64afda{color:var( --e-global-color-primary );}.elementor-6321 .elementor-element.elementor-element-cf1868a{--display:flex;--flex-direction:column;--container-widget-width:100%;--container-widget-height:initial;--container-widget-flex-grow:0;--container-widget-align-self:initial;--flex-wrap-mobile:wrap;}.elementor-6321 .elementor-element.elementor-element-a3b03c8{color:var( --e-global-color-primary );}@media(min-width:768px){.elementor-6321 .elementor-element.elementor-element-bfa6d05{width:34.961%;}.elementor-6321 .elementor-element.elementor-element-c21af7c{width:65.039%;}.elementor-6321 .elementor-element.elementor-element-cf1868a{--content-width:1250px;}}@media(max-width:1024px){.elementor-6321 .elementor-element.elementor-element-035b010{padding:80px 10px 80px 10px;}.elementor-6321 .elementor-element.elementor-element-fca3bc7 > .elementor-element-populated{padding:0px 10px 0px 10px;}.elementor-6321 .elementor-element.elementor-element-6b4db92 .elementor-heading-title{font-size:var( --e-global-typography-0d5454c-font-size );line-height:var( --e-global-typography-0d5454c-line-height );letter-spacing:var( --e-global-typography-0d5454c-letter-spacing );word-spacing:var( --e-global-typography-0d5454c-word-spacing );}.elementor-6321 .elementor-element.elementor-element-745801c .elementor-heading-title{font-size:var( --e-global-typography-secondary-font-size );line-height:var( --e-global-typography-secondary-line-height );}.elementor-6321 .elementor-element.elementor-element-f069ddd{font-size:var( --e-global-typography-text-font-size );line-height:var( --e-global-typography-text-line-height );}.elementor-6321 .elementor-element.elementor-element-f069ddd > .elementor-widget-container{padding:0% 10% 0% 10%;}.elementor-6321 .elementor-element.elementor-element-61c91b8{margin-top:20px;margin-bottom:0px;}}@media(max-width:767px){.elementor-6321 .elementor-element.elementor-element-035b010{padding:40px 10px 40px 10px;}.elementor-6321 .elementor-element.elementor-element-6b4db92 .elementor-heading-title{font-size:var( --e-global-typography-0d5454c-font-size );line-height:var( --e-global-typography-0d5454c-line-height );letter-spacing:var( --e-global-typography-0d5454c-letter-spacing );word-spacing:var( --e-global-typography-0d5454c-word-spacing );}.elementor-6321 .elementor-element.elementor-element-745801c .elementor-heading-title{font-size:var( --e-global-typography-secondary-font-size );line-height:var( --e-global-typography-secondary-line-height );}.elementor-6321 .elementor-element.elementor-element-f069ddd{font-size:var( --e-global-typography-text-font-size );line-height:var( --e-global-typography-text-line-height );}.elementor-6321 .elementor-element.elementor-element-f069ddd > .elementor-widget-container{padding:0px 0px 0px 0px;}.elementor-6321 .elementor-element.elementor-element-bfa6d05 > .elementor-element-populated{margin:20px 0px 0px 0px;--e-column-margin-right:0px;--e-column-margin-left:0px;}.elementor-6321 .elementor-element.elementor-element-c21af7c > .elementor-element-populated{margin:20px 0px 0px 0px;--e-column-margin-right:0px;--e-column-margin-left:0px;}}<\/style>\t\t<div data-elementor-type=\"wp-page\" data-elementor-id=\"6321\" class=\"elementor elementor-6321 elementor-2207\" data-elementor-post-type=\"page\">\n\t\t\t\t\t\t<section class=\"elementor-section elementor-top-section elementor-element elementor-element-035b010 down elementor-section-boxed elementor-section-height-default elementor-section-height-default\" data-id=\"035b010\" data-element_type=\"section\" data-e-type=\"section\" id=\"down\" data-settings=\"{&quot;background_background&quot;:&quot;classic&quot;}\">\n\t\t\t\t\t\t<div class=\"elementor-container elementor-column-gap-default\">\n\t\t\t\t\t<div class=\"elementor-column elementor-col-100 elementor-top-column elementor-element elementor-element-fca3bc7\" data-id=\"fca3bc7\" data-element_type=\"column\" data-e-type=\"column\">\n\t\t\t<div class=\"elementor-widget-wrap elementor-element-populated\">\n\t\t\t\t\t\t<div class=\"elementor-element elementor-element-6b4db92 elementor-widget elementor-widget-heading\" data-id=\"6b4db92\" data-element_type=\"widget\" data-e-type=\"widget\" data-widget_type=\"heading.default\">\n\t\t\t\t<div class=\"elementor-widget-container\">\n\t\t\t\t\t<h5 class=\"elementor-heading-title elementor-size-default\">Nuestros m\u00e9dicos<\/h5>\t\t\t\t<\/div>\n\t\t\t\t<\/div>\n\t\t\t\t<div class=\"elementor-element elementor-element-745801c elementor-widget elementor-widget-heading\" data-id=\"745801c\" data-element_type=\"widget\" data-e-type=\"widget\" data-widget_type=\"heading.default\">\n\t\t\t\t<div class=\"elementor-widget-container\">\n\t\t\t\t\t<h2 class=\"elementor-heading-title elementor-size-default\">Equipo de profesionales<\/h2>\t\t\t\t<\/div>\n\t\t\t\t<\/div>\n\t\t\t\t<div class=\"elementor-element elementor-element-f069ddd elementor-widget elementor-widget-text-editor\" data-id=\"f069ddd\" data-element_type=\"widget\" data-e-type=\"widget\" data-widget_type=\"text-editor.default\">\n\t\t\t\t<div class=\"elementor-widget-container\">\n\t\t\t\t\t\t\t\t\t<p>Tenemos m\u00e1s de 25 a\u00f1os de experiencia<\/p>\t\t\t\t\t\t\t\t<\/div>\n\t\t\t\t<\/div>\n\t\t\t\t<section class=\"elementor-section elementor-inner-section elementor-element elementor-element-61c91b8 elementor-section-boxed elementor-section-height-default elementor-section-height-default\" data-id=\"61c91b8\" data-element_type=\"section\" data-e-type=\"section\">\n\t\t\t\t\t\t<div class=\"elementor-container elementor-column-gap-no\">\n\t\t\t\t\t<div class=\"elementor-column elementor-col-50 elementor-inner-column elementor-element elementor-element-bfa6d05\" data-id=\"bfa6d05\" data-element_type=\"column\" data-e-type=\"column\">\n\t\t\t<div class=\"elementor-widget-wrap elementor-element-populated\">\n\t\t\t\t\t\t<div class=\"elementor-element elementor-element-43d7ce2 jkit-equal-height-disable elementor-widget elementor-widget-jkit_image_box\" data-id=\"43d7ce2\" data-element_type=\"widget\" data-e-type=\"widget\" data-widget_type=\"jkit_image_box.default\">\n\t\t\t\t<div class=\"elementor-widget-container\">\n\t\t\t\t\t<div  class=\"jeg-elementor-kit jkit-image-box style-default elementor-animation- jeg_module___69f36a56b4baa\" ><a href=\"#\"><div class=\"image-box-header elementor-animation-\"><img fetchpriority=\"high\" decoding=\"async\" width=\"1000\" height=\"1140\" src=\"https:\/\/dentleonturkey.com\/wp-content\/uploads\/2024\/12\/ahmet-yigit-hepsenol.jpg\" class=\"attachment-full size-full\" alt=\"\" srcset=\"https:\/\/dentleonturkey.com\/wp-content\/uploads\/2024\/12\/ahmet-yigit-hepsenol.jpg 1000w, https:\/\/dentleonturkey.com\/wp-content\/uploads\/2024\/12\/ahmet-yigit-hepsenol-263x300.jpg 263w, https:\/\/dentleonturkey.com\/wp-content\/uploads\/2024\/12\/ahmet-yigit-hepsenol-898x1024.jpg 898w, https:\/\/dentleonturkey.com\/wp-content\/uploads\/2024\/12\/ahmet-yigit-hepsenol-768x876.jpg 768w, https:\/\/dentleonturkey.com\/wp-content\/uploads\/2024\/12\/ahmet-yigit-hepsenol-11x12.jpg 11w\" sizes=\"(max-width: 1000px) 100vw, 1000px\" \/><\/div><\/a><div class=\"image-box-body\">\n            <div class=\"body-inner\"><h2 class=\"body-title icon-position-before\">Dr. Dt. Ahmet Yigit Hepsenol<\/h2>\n                <div class=\"body-description\"><h4>Dentist<\/h4><p>Oral and Maxillofacial Surgery<\/p><\/div>\n                <div class=\"body-button\"><\/div>\n                \n            <\/div>\n        <\/div><\/div>\t\t\t\t<\/div>\n\t\t\t\t<\/div>\n\t\t\t\t\t<\/div>\n\t\t<\/div>\n\t\t\t\t<div class=\"elementor-column elementor-col-50 elementor-inner-column elementor-element elementor-element-c21af7c\" data-id=\"c21af7c\" data-element_type=\"column\" data-e-type=\"column\">\n\t\t\t<div class=\"elementor-widget-wrap elementor-element-populated\">\n\t\t\t\t\t\t<div class=\"elementor-element elementor-element-a64afda elementor-widget elementor-widget-text-editor\" data-id=\"a64afda\" data-element_type=\"widget\" data-e-type=\"widget\" data-widget_type=\"text-editor.default\">\n\t\t\t\t<div class=\"elementor-widget-container\">\n\t\t\t\t\t\t\t\t\t<h3>Dr. Dt. Ahmet Yigit Hepsenol <\/h3><p class=\"p1\"><b>EDUCACI\u00d3N<\/b><\/p><p class=\"p1\">2001-2008 Doctorado en Cirug\u00eda Oral y Maxilofacial, Universidad Ege, Facultad de Odontolog\u00eda, Izmir,<\/p><p class=\"p1\">Turqu\u00eda<\/p><p class=\"p2\"><span class=\"s1\">Tesis doctoral: Los <\/span>resultados cl\u00ednicos de los implantes dentales colocados en pacientes con<\/p><p class=\"p2\">crestas atr\u00f3ficas mediante diversos m\u00e9todos de aumento<\/p><p class=\"p1\">1996-2001 Licenciatura en Odontolog\u00eda, Universidad Ege, Facultad de Odontolog\u00eda, Izmir, Turqu\u00eda<\/p><p class=\"p1\"><b>CERTIFICADOS<\/b><\/p><p class=\"p3\"><b>Certificado de Soporte Vital Cardiaco Avanzado, 2016<\/b><\/p><p class=\"p1\">Certificado de Manipulaciones de Tejidos Blandos en Implantolog\u00eda Oral, 2016<\/p><p class=\"p1\">Certificado de Cirujano Oral y Maxilofacial (del Ministerio de Sanidad), 2014<\/p><p class=\"p1\">Certificado del Curso de Principio Cr\u00e1neo Maxilo Facial, AOCMF, 2010<b>MEMBRES\u00cdAS DE<\/b> ASOCIACIONES<\/p><p class=\"p1\">Miembro de la Asociaci\u00f3n Dental Turca (desde 2008)<\/p><p class=\"p1\">Miembro del ITI (Equipo Internacional de Implantolog\u00eda (desde 2011)<\/p><p class=\"p1\">Miembro de AO CMF (desde 2008)<\/p><p class=\"p1\">Miembro de la Asociaci\u00f3n Turca de Cirug\u00eda Oral y Maxilofacial (desde 2003)<\/p>\t\t\t\t\t\t\t\t<\/div>\n\t\t\t\t<\/div>\n\t\t\t\t\t<\/div>\n\t\t<\/div>\n\t\t\t\t\t<\/div>\n\t\t<\/section>\n\t\t\t\t\t<\/div>\n\t\t<\/div>\n\t\t\t\t\t<\/div>\n\t\t<\/section>\n\t\t<div class=\"elementor-element elementor-element-cf1868a e-flex e-con-boxed e-con e-parent\" data-id=\"cf1868a\" data-element_type=\"container\" data-e-type=\"container\">\n\t\t\t\t\t<div class=\"e-con-inner\">\n\t\t\t\t<div class=\"elementor-element elementor-element-a3b03c8 elementor-widget elementor-widget-text-editor\" data-id=\"a3b03c8\" data-element_type=\"widget\" data-e-type=\"widget\" data-widget_type=\"text-editor.default\">\n\t\t\t\t<div class=\"elementor-widget-container\">\n\t\t\t\t\t\t\t\t\t<p class=\"p1\"><b>PUBLICACIONES<\/b><\/p><p class=\"p1\"><span class=\"s2\">1. <\/span>Koca H, Alpoz E, Sarac CA, Hepsenol AY, Seckin T. Diagnosis and Treatment of<\/p><p class=\"p1\">Sialolitos: Three Case Reports Turkish Clinic J Dental Sci 2009; 15(3): 228-233.<\/p><p class=\"p1\"><span class=\"s2\">2. <\/span>Koca H, Ergun S, Seckin T, Hepsenol AY. Impacted Primary Teeth as A Rare Condition: <\/p><p class=\"p1\">Informe de un caso: Cl\u00ednicas turcas J Dental Sci 2009; 15(2): 130-134<\/p><p class=\"p4\">3. Koca H, Alpoz E, Hepsenol AY. Fractura en el maxilar anterior debida a una <\/p><p class=\"p4\">Esclerosis sist\u00e9mica Turkish Clinic J Dental Sci 2008; 14(2): 110-113<\/p><p class=\"p4\">4. Koca H, Alpoz, E, Hepsenol AY. Histiocitosis Celular de Langerhans: Manifestaciones cl\u00ednicas y <\/p><p class=\"p4\">Tratamiento. Revista de Cirug\u00eda Oral y Maxilofacial de Turqu\u00eda 2007; 11: 12-16 <\/p><p class=\"p4\"><b>PRESENTACIONES ORALES<\/b><\/p><p class=\"p1\">1. Koca H, Kazanc A, Sarac A, Seckin T, Hepsenol AY, Savran A. Tratamiento de quistes en<\/p><p class=\"p1\">Ni\u00f1os y ni\u00f1as. 29 de agosto &#8211; 2 de septiembre de 2005. 17\u00aa Conferencia Internacional sobre Oral y  <\/p><p class=\"p1\">Cirug\u00eda Maxilofacial, Viena, Austria<\/p><p class=\"p1\">2. Koca H, Hepsenol AY. Histiocitosis de c\u00e9lulas de Langerhans: informe de un caso. 29 de septiembre &#8211; 01  <\/p><p class=\"p1\">Octubre de 2005. Congreso Dental Internacional Izmir; Turqu\u00eda. <\/p><p class=\"p1\"><b>PRESENTACIONES DE CARTELES<\/b><\/p><p class=\"p1\">1. 2. Hepsenol AY, Koca H, Kazanc A, Seckin T. Clinical Outcomes of Dental implants Placed<\/p><p class=\"p1\">en pacientes con crestas atr\u00f3ficas mediante diversos m\u00e9todos de aumento. 18-20<\/p><p class=\"p1\">Septiembre de 2008. 17\u00aa Reuni\u00f3n Cient\u00edfica Anual de la EAO. Varsovia, Polonia  <\/p><p class=\"p1\">Koca H, Gogus S, Hepsenol AY. Molares primarios impactados: Informe de dos casos.  12-14<\/p><p class=\"p1\">Abril de 2007. XII Congreso de la BaSS. Estambul, Turqu\u00eda3. Koca H, Alpoz E, Hepsenol AY. Histiocitosis de c\u00e9lulas de Langerhans: A clinical and therapeutic    <\/p><p class=\"p1\">evaluaci\u00f3n. 12-14 de abril de 2007. 12\u00ba Congreso de la BaSS, Estambul, Turqu\u00eda.  <\/p><p class=\"p4\"><b>CONGRESOS y SIMPOSIUMS<\/b><\/p><p class=\"p4\">Congreso Internacional Alpha-Bio Tec. Congreso Internacional. Abril de 2014, Antalya  <\/p><p class=\"p4\">23 Congreso de la Asociaci\u00f3n Europea de Osteointegraci\u00f3n. Septiembre 2014, Roma <\/p><p class=\"p4\">4\u00ba Simposio Internacional de la Sociedad Turca de Implantolog\u00eda Oral. Enero de 2008, Estambul <\/p><p class=\"p4\">XVII Congreso de la Asociaci\u00f3n Europea de Cirug\u00eda Craneo-MAxilofacial. Septiembre <\/p><p class=\"p4\">2004, Tours, Francia<\/p>\t\t\t\t\t\t\t\t<\/div>\n\t\t\t\t<\/div>\n\t\t\t\t\t<\/div>\n\t\t\t\t<\/div>\n\t\t\t\t<\/div>\n\t\t","protected":false},"excerpt":{"rendered":"<p>Nuestros m\u00e9dicos Equipo de profesionales Tenemos m\u00e1s de 25 a\u00f1os de experiencia Dr. Dt. Ahmet Yigit Hepsenol Dentist Oral and Maxillofacial Surgery Dr. Dt. Ahmet Yigit Hepsenol EDUCACI\u00d3N 2001-2008 Doctorado en Cirug\u00eda Oral y Maxilofacial, Universidad Ege, Facultad de Odontolog\u00eda, Izmir, Turqu\u00eda Tesis doctoral: Los resultados cl\u00ednicos de los implantes dentales colocados en pacientes con [&hellip;]<\/p>\n","protected":false},"author":2,"featured_media":0,"parent":6475,"menu_order":0,"comment_status":"closed","ping_status":"closed","template":"elementor_header_footer","meta":{"footnotes":""},"class_list":["post-6321","page","type-page","status-publish","hentry"],"_links":{"self":[{"href":"https:\/\/dentleonturkey.com\/es\/wp-json\/wp\/v2\/pages\/6321","targetHints":{"allow":["GET"]}}],"collection":[{"href":"https:\/\/dentleonturkey.com\/es\/wp-json\/wp\/v2\/pages"}],"about":[{"href":"https:\/\/dentleonturkey.com\/es\/wp-json\/wp\/v2\/types\/page"}],"author":[{"embeddable":true,"href":"https:\/\/dentleonturkey.com\/es\/wp-json\/wp\/v2\/users\/2"}],"replies":[{"embeddable":true,"href":"https:\/\/dentleonturkey.com\/es\/wp-json\/wp\/v2\/comments?post=6321"}],"version-history":[{"count":1,"href":"https:\/\/dentleonturkey.com\/es\/wp-json\/wp\/v2\/pages\/6321\/revisions"}],"predecessor-version":[{"id":6323,"href":"https:\/\/dentleonturkey.com\/es\/wp-json\/wp\/v2\/pages\/6321\/revisions\/6323"}],"up":[{"embeddable":true,"href":"https:\/\/dentleonturkey.com\/es\/wp-json\/wp\/v2\/pages\/6475"}],"wp:attachment":[{"href":"https:\/\/dentleonturkey.com\/es\/wp-json\/wp\/v2\/media?parent=6321"}],"curies":[{"name":"wp","href":"https:\/\/api.w.org\/{rel}","templated":true}]}}