{"id":6307,"date":"2024-12-06T09:50:22","date_gmt":"2024-12-06T06:50:22","guid":{"rendered":"https:\/\/dentleonturkey.com\/notre-equipe\/dt-sena-ozturk\/"},"modified":"2026-04-18T16:55:59","modified_gmt":"2026-04-18T13:55:59","slug":"dt-sena-ozturk","status":"publish","type":"page","link":"https:\/\/dentleonturkey.com\/fr\/notre-equipe\/dt-sena-ozturk\/","title":{"rendered":"Dt. Sena Ozturk"},"content":{"rendered":"<style>.elementor-6307 .elementor-element.elementor-element-035b010 > .elementor-container{max-width:1290px;}.elementor-6307 .elementor-element.elementor-element-035b010{transition:background 0.3s, border 0.3s, border-radius 0.3s, box-shadow 0.3s;}.elementor-6307 .elementor-element.elementor-element-035b010 > .elementor-background-overlay{transition:background 0.3s, border-radius 0.3s, opacity 0.3s;}.elementor-6307 .elementor-element.elementor-element-fca3bc7.elementor-column > .elementor-widget-wrap{justify-content:center;}.elementor-6307 .elementor-element.elementor-element-6b4db92{text-align:center;}.elementor-6307 .elementor-element.elementor-element-6b4db92 .elementor-heading-title{font-family:var( --e-global-typography-0d5454c-font-family ), Sans-serif;font-size:var( --e-global-typography-0d5454c-font-size );font-weight:var( --e-global-typography-0d5454c-font-weight );line-height:var( --e-global-typography-0d5454c-line-height );letter-spacing:var( --e-global-typography-0d5454c-letter-spacing );word-spacing:var( --e-global-typography-0d5454c-word-spacing );color:var( --e-global-color-secondary );}.elementor-6307 .elementor-element.elementor-element-745801c{text-align:center;}.elementor-6307 .elementor-element.elementor-element-745801c .elementor-heading-title{font-family:var( --e-global-typography-secondary-font-family ), Sans-serif;font-size:var( --e-global-typography-secondary-font-size );font-weight:var( --e-global-typography-secondary-font-weight );line-height:var( --e-global-typography-secondary-line-height );color:#0D0D0D;}.elementor-6307 .elementor-element.elementor-element-f069ddd{text-align:center;font-family:var( --e-global-typography-text-font-family ), Sans-serif;font-size:var( --e-global-typography-text-font-size );font-weight:var( --e-global-typography-text-font-weight );line-height:var( --e-global-typography-text-line-height );color:var( --e-global-color-primary );}.elementor-6307 .elementor-element.elementor-element-f069ddd > .elementor-widget-container{padding:0% 25% 0% 25%;}.elementor-6307 .elementor-element.elementor-element-61c91b8 > .elementor-container{max-width:1290px;}.elementor-6307 .elementor-element.elementor-element-61c91b8{margin-top:40px;margin-bottom:40px;}.elementor-6307 .elementor-element.elementor-element-bfa6d05 > .elementor-element-populated{border-style:solid;margin:0px 0px 0px 0px;--e-column-margin-right:0px;--e-column-margin-left:0px;padding:0px 10px 0px 10px;}.elementor-6307 .elementor-element.elementor-element-43d7ce2.jkit-equal-height-enable, .elementor-6307 .elementor-element.elementor-element-43d7ce2.jkit-equal-height-enable > .elementor-widget-container, .elementor-6307 .elementor-element.elementor-element-43d7ce2.jkit-equal-height-enable .jeg-elementor-kit.jkit-image-box, .elementor-6307 .elementor-element.elementor-element-43d7ce2.jkit-equal-height-enable .jeg-elementor-kit.jkit-image-box .image-box-body .body-inner{height:100%;}.elementor-6307 .elementor-element.elementor-element-43d7ce2 .jeg-elementor-kit.jkit-image-box{flex-direction:column;}.elementor-6307 .elementor-element.elementor-element-43d7ce2 .jeg-elementor-kit.jkit-image-box .image-box-body .body-inner{text-align:left;}.elementor-6307 .elementor-element.elementor-element-43d7ce2 .jeg-elementor-kit.jkit-image-box .image-box-header img{object-fit:cover;opacity:100%;}.elementor-6307 .elementor-element.elementor-element-43d7ce2 .jeg-elementor-kit.jkit-image-box:hover .image-box-header img{opacity:60%;-webkit-transform:scale(1.1);-o-transform:scale(1.1);-moz-transform:scale(1.1);-ms-transform:scale(1.1);transform:scale(1.1);}.elementor-6307 .elementor-element.elementor-element-43d7ce2 .jeg-elementor-kit.jkit-image-box .image-box-body .body-title.icon-position-before i, .elementor-6307 .elementor-element.elementor-element-43d7ce2 .jeg-elementor-kit.jkit-image-box .image-box-body .body-title.icon-position-before svg{margin-right:5px;}.elementor-6307 .elementor-element.elementor-element-43d7ce2 .jeg-elementor-kit.jkit-image-box .image-box-body .body-title.icon-position-after i, .elementor-6307 .elementor-element.elementor-element-43d7ce2 .jeg-elementor-kit.jkit-image-box .image-box-body .body-title.icon-position-after svg{margin-left:5px;}.elementor-6307 .elementor-element.elementor-element-43d7ce2 .jeg-elementor-kit.jkit-image-box .image-box-body .body-title{color:var( --e-global-color-primary );}.elementor-6307 .elementor-element.elementor-element-43d7ce2 .jeg-elementor-kit.jkit-image-box .image-box-body .body-title i{color:var( --e-global-color-primary );}.elementor-6307 .elementor-element.elementor-element-43d7ce2 .jeg-elementor-kit.jkit-image-box .image-box-body .body-title svg{fill:var( --e-global-color-primary );}.elementor-6307 .elementor-element.elementor-element-43d7ce2 .jeg-elementor-kit.jkit-image-box .image-box-body .body-inner .body-description{color:var( --e-global-color-primary );}.elementor-6307 .elementor-element.elementor-element-43d7ce2 > .elementor-widget-container{margin:0px 0px 0px 0px;padding:0px 0px 0px 0px;border-style:none;border-radius:0px 0px 0px 0px;}.elementor-6307 .elementor-element.elementor-element-c21af7c > .elementor-element-populated{border-style:solid;margin:0px 0px 0px 0px;--e-column-margin-right:0px;--e-column-margin-left:0px;padding:0px 10px 0px 10px;}.elementor-6307 .elementor-element.elementor-element-a64afda{color:var( --e-global-color-primary );}@media(min-width:768px){.elementor-6307 .elementor-element.elementor-element-bfa6d05{width:34.961%;}.elementor-6307 .elementor-element.elementor-element-c21af7c{width:65.039%;}}@media(max-width:1024px){.elementor-6307 .elementor-element.elementor-element-035b010{padding:80px 10px 80px 10px;}.elementor-6307 .elementor-element.elementor-element-fca3bc7 > .elementor-element-populated{padding:0px 10px 0px 10px;}.elementor-6307 .elementor-element.elementor-element-6b4db92 .elementor-heading-title{font-size:var( --e-global-typography-0d5454c-font-size );line-height:var( --e-global-typography-0d5454c-line-height );letter-spacing:var( --e-global-typography-0d5454c-letter-spacing );word-spacing:var( --e-global-typography-0d5454c-word-spacing );}.elementor-6307 .elementor-element.elementor-element-745801c .elementor-heading-title{font-size:var( --e-global-typography-secondary-font-size );line-height:var( --e-global-typography-secondary-line-height );}.elementor-6307 .elementor-element.elementor-element-f069ddd{font-size:var( --e-global-typography-text-font-size );line-height:var( --e-global-typography-text-line-height );}.elementor-6307 .elementor-element.elementor-element-f069ddd > .elementor-widget-container{padding:0% 10% 0% 10%;}.elementor-6307 .elementor-element.elementor-element-61c91b8{margin-top:20px;margin-bottom:0px;}}@media(max-width:767px){.elementor-6307 .elementor-element.elementor-element-035b010{padding:40px 10px 40px 10px;}.elementor-6307 .elementor-element.elementor-element-6b4db92 .elementor-heading-title{font-size:var( --e-global-typography-0d5454c-font-size );line-height:var( --e-global-typography-0d5454c-line-height );letter-spacing:var( --e-global-typography-0d5454c-letter-spacing );word-spacing:var( --e-global-typography-0d5454c-word-spacing );}.elementor-6307 .elementor-element.elementor-element-745801c .elementor-heading-title{font-size:var( --e-global-typography-secondary-font-size );line-height:var( --e-global-typography-secondary-line-height );}.elementor-6307 .elementor-element.elementor-element-f069ddd{font-size:var( --e-global-typography-text-font-size );line-height:var( --e-global-typography-text-line-height );}.elementor-6307 .elementor-element.elementor-element-f069ddd > .elementor-widget-container{padding:0px 0px 0px 0px;}.elementor-6307 .elementor-element.elementor-element-bfa6d05 > .elementor-element-populated{margin:20px 0px 0px 0px;--e-column-margin-right:0px;--e-column-margin-left:0px;}.elementor-6307 .elementor-element.elementor-element-c21af7c > .elementor-element-populated{margin:20px 0px 0px 0px;--e-column-margin-right:0px;--e-column-margin-left:0px;}}<\/style>\t\t<div data-elementor-type=\"wp-page\" data-elementor-id=\"6307\" class=\"elementor elementor-6307 elementor-2307\" data-elementor-post-type=\"page\">\n\t\t\t\t\t\t<section class=\"elementor-section elementor-top-section elementor-element elementor-element-035b010 down elementor-section-boxed elementor-section-height-default elementor-section-height-default\" data-id=\"035b010\" data-element_type=\"section\" data-e-type=\"section\" id=\"down\" data-settings=\"{&quot;background_background&quot;:&quot;classic&quot;}\">\n\t\t\t\t\t\t<div class=\"elementor-container elementor-column-gap-default\">\n\t\t\t\t\t<div class=\"elementor-column elementor-col-100 elementor-top-column elementor-element elementor-element-fca3bc7\" data-id=\"fca3bc7\" data-element_type=\"column\" data-e-type=\"column\">\n\t\t\t<div class=\"elementor-widget-wrap elementor-element-populated\">\n\t\t\t\t\t\t<div class=\"elementor-element elementor-element-6b4db92 elementor-widget elementor-widget-heading\" data-id=\"6b4db92\" data-element_type=\"widget\" data-e-type=\"widget\" data-widget_type=\"heading.default\">\n\t\t\t\t<div class=\"elementor-widget-container\">\n\t\t\t\t\t<h5 class=\"elementor-heading-title elementor-size-default\">Nos m\u00e9decins<\/h5>\t\t\t\t<\/div>\n\t\t\t\t<\/div>\n\t\t\t\t<div class=\"elementor-element elementor-element-745801c elementor-widget elementor-widget-heading\" data-id=\"745801c\" data-element_type=\"widget\" data-e-type=\"widget\" data-widget_type=\"heading.default\">\n\t\t\t\t<div class=\"elementor-widget-container\">\n\t\t\t\t\t<h2 class=\"elementor-heading-title elementor-size-default\">Une \u00e9quipe de professionnels<\/h2>\t\t\t\t<\/div>\n\t\t\t\t<\/div>\n\t\t\t\t<div class=\"elementor-element elementor-element-f069ddd elementor-widget elementor-widget-text-editor\" data-id=\"f069ddd\" data-element_type=\"widget\" data-e-type=\"widget\" data-widget_type=\"text-editor.default\">\n\t\t\t\t<div class=\"elementor-widget-container\">\n\t\t\t\t\t\t\t\t\t<p>Nous avons plus de 25 ans d&rsquo;exp\u00e9rience<\/p>\t\t\t\t\t\t\t\t<\/div>\n\t\t\t\t<\/div>\n\t\t\t\t<section class=\"elementor-section elementor-inner-section elementor-element elementor-element-61c91b8 elementor-section-boxed elementor-section-height-default elementor-section-height-default\" data-id=\"61c91b8\" data-element_type=\"section\" data-e-type=\"section\">\n\t\t\t\t\t\t<div class=\"elementor-container elementor-column-gap-no\">\n\t\t\t\t\t<div class=\"elementor-column elementor-col-50 elementor-inner-column elementor-element elementor-element-bfa6d05\" data-id=\"bfa6d05\" data-element_type=\"column\" data-e-type=\"column\">\n\t\t\t<div class=\"elementor-widget-wrap elementor-element-populated\">\n\t\t\t\t\t\t<div class=\"elementor-element elementor-element-43d7ce2 jkit-equal-height-disable elementor-widget elementor-widget-jkit_image_box\" data-id=\"43d7ce2\" data-element_type=\"widget\" data-e-type=\"widget\" data-widget_type=\"jkit_image_box.default\">\n\t\t\t\t<div class=\"elementor-widget-container\">\n\t\t\t\t\t<div  class=\"jeg-elementor-kit jkit-image-box style-default elementor-animation- jeg_module___69e9de8ee7de1\" ><a href=\"#\"><div class=\"image-box-header elementor-animation-\"><img fetchpriority=\"high\" decoding=\"async\" width=\"1347\" height=\"1536\" src=\"https:\/\/dentleonturkey.com\/wp-content\/uploads\/2024\/09\/11senaozturk.jpg\" class=\"attachment-full size-full\" alt=\"\" srcset=\"https:\/\/dentleonturkey.com\/wp-content\/uploads\/2024\/09\/11senaozturk.jpg 1347w, https:\/\/dentleonturkey.com\/wp-content\/uploads\/2024\/09\/11senaozturk-263x300.jpg 263w, https:\/\/dentleonturkey.com\/wp-content\/uploads\/2024\/09\/11senaozturk-898x1024.jpg 898w, https:\/\/dentleonturkey.com\/wp-content\/uploads\/2024\/09\/11senaozturk-768x876.jpg 768w\" sizes=\"(max-width: 1347px) 100vw, 1347px\" \/><\/div><\/a><div class=\"image-box-body\">\n            <div class=\"body-inner\"><h2 class=\"body-title icon-position-before\">Dt. Sena Ozturk<\/h2>\n                <div class=\"body-description\"><h4>Dentist<\/h4><p>Aesthetic Dentistry<\/p><\/div>\n                <div class=\"body-button\"><\/div>\n                \n            <\/div>\n        <\/div><\/div>\t\t\t\t<\/div>\n\t\t\t\t<\/div>\n\t\t\t\t\t<\/div>\n\t\t<\/div>\n\t\t\t\t<div class=\"elementor-column elementor-col-50 elementor-inner-column elementor-element elementor-element-c21af7c\" data-id=\"c21af7c\" data-element_type=\"column\" data-e-type=\"column\">\n\t\t\t<div class=\"elementor-widget-wrap elementor-element-populated\">\n\t\t\t\t\t\t<div class=\"elementor-element elementor-element-a64afda elementor-widget elementor-widget-text-editor\" data-id=\"a64afda\" data-element_type=\"widget\" data-e-type=\"widget\" data-widget_type=\"text-editor.default\">\n\t\t\t\t<div class=\"elementor-widget-container\">\n\t\t\t\t\t\t\t\t\t<h3>Dt. Sena Ozturk <\/h3><p><strong>Dentisterie esth\u00e9tique<\/strong><\/p><p>Elle a termin\u00e9 ses \u00e9tudes primaires et secondaires \u00e0 Tekirda\u011f. Dt. Sena \u00d6zt\u00fcrk est dipl\u00f4m\u00e9e du lyc\u00e9e scientifique Ebru Nayim de Tekirda\u011f. Elle a obtenu sa ma\u00eetrise \u00e0 la facult\u00e9 de m\u00e9decine dentaire de l&rsquo;universit\u00e9 d&rsquo;Ege, o\u00f9 elle a re\u00e7u un certificat d&rsquo;honneur.   <\/p><p>Elle suit les d\u00e9veloppements et les innovations dans le domaine de la dentisterie en participant \u00e0 divers cours et congr\u00e8s. Notre dentiste, qui s&rsquo;efforce de maintenir la sant\u00e9 bucco-dentaire de ses patients au plus haut niveau, travaille activement dans notre agence de Bayrakl\u0131. <\/p><p><strong>L&rsquo;\u00e9ducation<\/strong><\/p><p>Facult\u00e9 d&rsquo;odontologie de l&rsquo;Universit\u00e9 d&rsquo;Ege<\/p><p><strong>Langue \u00e9trang\u00e8re<\/strong><\/p><p>Anglais<\/p><p><strong>Domaines d&rsquo;expertise<\/strong><\/p><p>Dentisterie esth\u00e9tique<\/p>\t\t\t\t\t\t\t\t<\/div>\n\t\t\t\t<\/div>\n\t\t\t\t\t<\/div>\n\t\t<\/div>\n\t\t\t\t\t<\/div>\n\t\t<\/section>\n\t\t\t\t\t<\/div>\n\t\t<\/div>\n\t\t\t\t\t<\/div>\n\t\t<\/section>\n\t\t\t\t<\/div>\n\t\t","protected":false},"excerpt":{"rendered":"<p>Nos m\u00e9decins Une \u00e9quipe de professionnels Nous avons plus de 25 ans d&rsquo;exp\u00e9rience Dt. Sena Ozturk Dentist Aesthetic Dentistry Dt. Sena Ozturk Dentisterie esth\u00e9tique Elle a termin\u00e9 ses \u00e9tudes primaires et secondaires \u00e0 Tekirda\u011f. Dt. Sena \u00d6zt\u00fcrk est dipl\u00f4m\u00e9e du lyc\u00e9e scientifique Ebru Nayim de Tekirda\u011f. Elle a obtenu sa ma\u00eetrise \u00e0 la facult\u00e9 de [&hellip;]<\/p>\n","protected":false},"author":2,"featured_media":0,"parent":4652,"menu_order":0,"comment_status":"closed","ping_status":"closed","template":"elementor_header_footer","meta":{"footnotes":""},"class_list":["post-6307","page","type-page","status-publish","hentry"],"_links":{"self":[{"href":"https:\/\/dentleonturkey.com\/fr\/wp-json\/wp\/v2\/pages\/6307","targetHints":{"allow":["GET"]}}],"collection":[{"href":"https:\/\/dentleonturkey.com\/fr\/wp-json\/wp\/v2\/pages"}],"about":[{"href":"https:\/\/dentleonturkey.com\/fr\/wp-json\/wp\/v2\/types\/page"}],"author":[{"embeddable":true,"href":"https:\/\/dentleonturkey.com\/fr\/wp-json\/wp\/v2\/users\/2"}],"replies":[{"embeddable":true,"href":"https:\/\/dentleonturkey.com\/fr\/wp-json\/wp\/v2\/comments?post=6307"}],"version-history":[{"count":1,"href":"https:\/\/dentleonturkey.com\/fr\/wp-json\/wp\/v2\/pages\/6307\/revisions"}],"predecessor-version":[{"id":6308,"href":"https:\/\/dentleonturkey.com\/fr\/wp-json\/wp\/v2\/pages\/6307\/revisions\/6308"}],"up":[{"embeddable":true,"href":"https:\/\/dentleonturkey.com\/fr\/wp-json\/wp\/v2\/pages\/4652"}],"wp:attachment":[{"href":"https:\/\/dentleonturkey.com\/fr\/wp-json\/wp\/v2\/media?parent=6307"}],"curies":[{"name":"wp","href":"https:\/\/api.w.org\/{rel}","templated":true}]}}