{"id":6324,"date":"2024-12-05T16:46:55","date_gmt":"2024-12-05T13:46:55","guid":{"rendered":"https:\/\/dentleonturkey.com\/notre-equipe\/dr-dt-ahmet-yigit-hepsenol\/"},"modified":"2026-04-18T16:56:22","modified_gmt":"2026-04-18T13:56:22","slug":"dr-dt-ahmet-yigit-hepsenol","status":"publish","type":"page","link":"https:\/\/dentleonturkey.com\/fr\/notre-equipe\/dr-dt-ahmet-yigit-hepsenol\/","title":{"rendered":"Dr. Dt. Ahmet Yigit Hepsenol"},"content":{"rendered":"<style>.elementor-6324 .elementor-element.elementor-element-035b010 > .elementor-container{max-width:1290px;}.elementor-6324 .elementor-element.elementor-element-035b010{transition:background 0.3s, border 0.3s, border-radius 0.3s, box-shadow 0.3s;}.elementor-6324 .elementor-element.elementor-element-035b010 > .elementor-background-overlay{transition:background 0.3s, border-radius 0.3s, opacity 0.3s;}.elementor-6324 .elementor-element.elementor-element-fca3bc7.elementor-column > .elementor-widget-wrap{justify-content:center;}.elementor-6324 .elementor-element.elementor-element-6b4db92{text-align:center;}.elementor-6324 .elementor-element.elementor-element-6b4db92 .elementor-heading-title{font-family:var( --e-global-typography-0d5454c-font-family ), Sans-serif;font-size:var( --e-global-typography-0d5454c-font-size );font-weight:var( --e-global-typography-0d5454c-font-weight );line-height:var( --e-global-typography-0d5454c-line-height );letter-spacing:var( --e-global-typography-0d5454c-letter-spacing );word-spacing:var( --e-global-typography-0d5454c-word-spacing );color:var( --e-global-color-secondary );}.elementor-6324 .elementor-element.elementor-element-745801c{text-align:center;}.elementor-6324 .elementor-element.elementor-element-745801c .elementor-heading-title{font-family:var( --e-global-typography-secondary-font-family ), Sans-serif;font-size:var( --e-global-typography-secondary-font-size );font-weight:var( --e-global-typography-secondary-font-weight );line-height:var( --e-global-typography-secondary-line-height );color:#0D0D0D;}.elementor-6324 .elementor-element.elementor-element-f069ddd{text-align:center;font-family:var( --e-global-typography-text-font-family ), Sans-serif;font-size:var( --e-global-typography-text-font-size );font-weight:var( --e-global-typography-text-font-weight );line-height:var( --e-global-typography-text-line-height );color:var( --e-global-color-primary );}.elementor-6324 .elementor-element.elementor-element-f069ddd > .elementor-widget-container{padding:0% 25% 0% 25%;}.elementor-6324 .elementor-element.elementor-element-61c91b8 > .elementor-container{max-width:1290px;}.elementor-6324 .elementor-element.elementor-element-61c91b8{margin-top:40px;margin-bottom:0px;}.elementor-6324 .elementor-element.elementor-element-bfa6d05 > .elementor-element-populated{border-style:solid;margin:0px 0px 0px 0px;--e-column-margin-right:0px;--e-column-margin-left:0px;padding:0px 10px 0px 10px;}.elementor-6324 .elementor-element.elementor-element-43d7ce2.jkit-equal-height-enable, .elementor-6324 .elementor-element.elementor-element-43d7ce2.jkit-equal-height-enable > .elementor-widget-container, .elementor-6324 .elementor-element.elementor-element-43d7ce2.jkit-equal-height-enable .jeg-elementor-kit.jkit-image-box, .elementor-6324 .elementor-element.elementor-element-43d7ce2.jkit-equal-height-enable .jeg-elementor-kit.jkit-image-box .image-box-body .body-inner{height:100%;}.elementor-6324 .elementor-element.elementor-element-43d7ce2 .jeg-elementor-kit.jkit-image-box{flex-direction:column;}.elementor-6324 .elementor-element.elementor-element-43d7ce2 .jeg-elementor-kit.jkit-image-box .image-box-body .body-inner{text-align:left;}.elementor-6324 .elementor-element.elementor-element-43d7ce2 .jeg-elementor-kit.jkit-image-box .image-box-header img{object-fit:cover;opacity:100%;}.elementor-6324 .elementor-element.elementor-element-43d7ce2 .jeg-elementor-kit.jkit-image-box:hover .image-box-header img{opacity:60%;-webkit-transform:scale(1.1);-o-transform:scale(1.1);-moz-transform:scale(1.1);-ms-transform:scale(1.1);transform:scale(1.1);}.elementor-6324 .elementor-element.elementor-element-43d7ce2 .jeg-elementor-kit.jkit-image-box .image-box-body .body-title.icon-position-before i, .elementor-6324 .elementor-element.elementor-element-43d7ce2 .jeg-elementor-kit.jkit-image-box .image-box-body .body-title.icon-position-before svg{margin-right:5px;}.elementor-6324 .elementor-element.elementor-element-43d7ce2 .jeg-elementor-kit.jkit-image-box .image-box-body .body-title.icon-position-after i, .elementor-6324 .elementor-element.elementor-element-43d7ce2 .jeg-elementor-kit.jkit-image-box .image-box-body .body-title.icon-position-after svg{margin-left:5px;}.elementor-6324 .elementor-element.elementor-element-43d7ce2 .jeg-elementor-kit.jkit-image-box .image-box-body .body-title{color:var( --e-global-color-primary );}.elementor-6324 .elementor-element.elementor-element-43d7ce2 .jeg-elementor-kit.jkit-image-box .image-box-body .body-title i{color:var( --e-global-color-primary );}.elementor-6324 .elementor-element.elementor-element-43d7ce2 .jeg-elementor-kit.jkit-image-box .image-box-body .body-title svg{fill:var( --e-global-color-primary );}.elementor-6324 .elementor-element.elementor-element-43d7ce2 .jeg-elementor-kit.jkit-image-box .image-box-body .body-inner .body-description{color:var( --e-global-color-primary );}.elementor-6324 .elementor-element.elementor-element-43d7ce2 > .elementor-widget-container{margin:0px 0px 0px 0px;padding:0px 0px 0px 0px;border-style:none;border-radius:0px 0px 0px 0px;}.elementor-6324 .elementor-element.elementor-element-c21af7c > .elementor-element-populated{border-style:solid;margin:0px 0px 0px 0px;--e-column-margin-right:0px;--e-column-margin-left:0px;padding:0px 10px 0px 10px;}.elementor-6324 .elementor-element.elementor-element-a64afda{color:var( --e-global-color-primary );}.elementor-6324 .elementor-element.elementor-element-cf1868a{--display:flex;--flex-direction:column;--container-widget-width:100%;--container-widget-height:initial;--container-widget-flex-grow:0;--container-widget-align-self:initial;--flex-wrap-mobile:wrap;}.elementor-6324 .elementor-element.elementor-element-a3b03c8{color:var( --e-global-color-primary );}@media(min-width:768px){.elementor-6324 .elementor-element.elementor-element-bfa6d05{width:34.961%;}.elementor-6324 .elementor-element.elementor-element-c21af7c{width:65.039%;}.elementor-6324 .elementor-element.elementor-element-cf1868a{--content-width:1250px;}}@media(max-width:1024px){.elementor-6324 .elementor-element.elementor-element-035b010{padding:80px 10px 80px 10px;}.elementor-6324 .elementor-element.elementor-element-fca3bc7 > .elementor-element-populated{padding:0px 10px 0px 10px;}.elementor-6324 .elementor-element.elementor-element-6b4db92 .elementor-heading-title{font-size:var( --e-global-typography-0d5454c-font-size );line-height:var( --e-global-typography-0d5454c-line-height );letter-spacing:var( --e-global-typography-0d5454c-letter-spacing );word-spacing:var( --e-global-typography-0d5454c-word-spacing );}.elementor-6324 .elementor-element.elementor-element-745801c .elementor-heading-title{font-size:var( --e-global-typography-secondary-font-size );line-height:var( --e-global-typography-secondary-line-height );}.elementor-6324 .elementor-element.elementor-element-f069ddd{font-size:var( --e-global-typography-text-font-size );line-height:var( --e-global-typography-text-line-height );}.elementor-6324 .elementor-element.elementor-element-f069ddd > .elementor-widget-container{padding:0% 10% 0% 10%;}.elementor-6324 .elementor-element.elementor-element-61c91b8{margin-top:20px;margin-bottom:0px;}}@media(max-width:767px){.elementor-6324 .elementor-element.elementor-element-035b010{padding:40px 10px 40px 10px;}.elementor-6324 .elementor-element.elementor-element-6b4db92 .elementor-heading-title{font-size:var( --e-global-typography-0d5454c-font-size );line-height:var( --e-global-typography-0d5454c-line-height );letter-spacing:var( --e-global-typography-0d5454c-letter-spacing );word-spacing:var( --e-global-typography-0d5454c-word-spacing );}.elementor-6324 .elementor-element.elementor-element-745801c .elementor-heading-title{font-size:var( --e-global-typography-secondary-font-size );line-height:var( --e-global-typography-secondary-line-height );}.elementor-6324 .elementor-element.elementor-element-f069ddd{font-size:var( --e-global-typography-text-font-size );line-height:var( --e-global-typography-text-line-height );}.elementor-6324 .elementor-element.elementor-element-f069ddd > .elementor-widget-container{padding:0px 0px 0px 0px;}.elementor-6324 .elementor-element.elementor-element-bfa6d05 > .elementor-element-populated{margin:20px 0px 0px 0px;--e-column-margin-right:0px;--e-column-margin-left:0px;}.elementor-6324 .elementor-element.elementor-element-c21af7c > .elementor-element-populated{margin:20px 0px 0px 0px;--e-column-margin-right:0px;--e-column-margin-left:0px;}}<\/style>\t\t<div data-elementor-type=\"wp-page\" data-elementor-id=\"6324\" class=\"elementor elementor-6324 elementor-2207\" data-elementor-post-type=\"page\">\n\t\t\t\t\t\t<section class=\"elementor-section elementor-top-section elementor-element elementor-element-035b010 down elementor-section-boxed elementor-section-height-default elementor-section-height-default\" data-id=\"035b010\" data-element_type=\"section\" data-e-type=\"section\" id=\"down\" data-settings=\"{&quot;background_background&quot;:&quot;classic&quot;}\">\n\t\t\t\t\t\t<div class=\"elementor-container elementor-column-gap-default\">\n\t\t\t\t\t<div class=\"elementor-column elementor-col-100 elementor-top-column elementor-element elementor-element-fca3bc7\" data-id=\"fca3bc7\" data-element_type=\"column\" data-e-type=\"column\">\n\t\t\t<div class=\"elementor-widget-wrap elementor-element-populated\">\n\t\t\t\t\t\t<div class=\"elementor-element elementor-element-6b4db92 elementor-widget elementor-widget-heading\" data-id=\"6b4db92\" data-element_type=\"widget\" data-e-type=\"widget\" data-widget_type=\"heading.default\">\n\t\t\t\t<div class=\"elementor-widget-container\">\n\t\t\t\t\t<h5 class=\"elementor-heading-title elementor-size-default\">Nos m\u00e9decins<\/h5>\t\t\t\t<\/div>\n\t\t\t\t<\/div>\n\t\t\t\t<div class=\"elementor-element elementor-element-745801c elementor-widget elementor-widget-heading\" data-id=\"745801c\" data-element_type=\"widget\" data-e-type=\"widget\" data-widget_type=\"heading.default\">\n\t\t\t\t<div class=\"elementor-widget-container\">\n\t\t\t\t\t<h2 class=\"elementor-heading-title elementor-size-default\">Une \u00e9quipe de professionnels<\/h2>\t\t\t\t<\/div>\n\t\t\t\t<\/div>\n\t\t\t\t<div class=\"elementor-element elementor-element-f069ddd elementor-widget elementor-widget-text-editor\" data-id=\"f069ddd\" data-element_type=\"widget\" data-e-type=\"widget\" data-widget_type=\"text-editor.default\">\n\t\t\t\t<div class=\"elementor-widget-container\">\n\t\t\t\t\t\t\t\t\t<p>Nous avons plus de 25 ans d&rsquo;exp\u00e9rience<\/p>\t\t\t\t\t\t\t\t<\/div>\n\t\t\t\t<\/div>\n\t\t\t\t<section class=\"elementor-section elementor-inner-section elementor-element elementor-element-61c91b8 elementor-section-boxed elementor-section-height-default elementor-section-height-default\" data-id=\"61c91b8\" data-element_type=\"section\" data-e-type=\"section\">\n\t\t\t\t\t\t<div class=\"elementor-container elementor-column-gap-no\">\n\t\t\t\t\t<div class=\"elementor-column elementor-col-50 elementor-inner-column elementor-element elementor-element-bfa6d05\" data-id=\"bfa6d05\" data-element_type=\"column\" data-e-type=\"column\">\n\t\t\t<div class=\"elementor-widget-wrap elementor-element-populated\">\n\t\t\t\t\t\t<div class=\"elementor-element elementor-element-43d7ce2 jkit-equal-height-disable elementor-widget elementor-widget-jkit_image_box\" data-id=\"43d7ce2\" data-element_type=\"widget\" data-e-type=\"widget\" data-widget_type=\"jkit_image_box.default\">\n\t\t\t\t<div class=\"elementor-widget-container\">\n\t\t\t\t\t<div  class=\"jeg-elementor-kit jkit-image-box style-default elementor-animation- jeg_module___69f36e375a079\" ><a href=\"#\"><div class=\"image-box-header elementor-animation-\"><img fetchpriority=\"high\" decoding=\"async\" width=\"1000\" height=\"1140\" src=\"https:\/\/dentleonturkey.com\/wp-content\/uploads\/2024\/12\/ahmet-yigit-hepsenol.jpg\" class=\"attachment-full size-full\" alt=\"\" srcset=\"https:\/\/dentleonturkey.com\/wp-content\/uploads\/2024\/12\/ahmet-yigit-hepsenol.jpg 1000w, https:\/\/dentleonturkey.com\/wp-content\/uploads\/2024\/12\/ahmet-yigit-hepsenol-263x300.jpg 263w, https:\/\/dentleonturkey.com\/wp-content\/uploads\/2024\/12\/ahmet-yigit-hepsenol-898x1024.jpg 898w, https:\/\/dentleonturkey.com\/wp-content\/uploads\/2024\/12\/ahmet-yigit-hepsenol-768x876.jpg 768w, https:\/\/dentleonturkey.com\/wp-content\/uploads\/2024\/12\/ahmet-yigit-hepsenol-11x12.jpg 11w\" sizes=\"(max-width: 1000px) 100vw, 1000px\" \/><\/div><\/a><div class=\"image-box-body\">\n            <div class=\"body-inner\"><h2 class=\"body-title icon-position-before\">Dr. Dt. Ahmet Yigit Hepsenol<\/h2>\n                <div class=\"body-description\"><h4>Dentist<\/h4><p>Oral and Maxillofacial Surgery<\/p><\/div>\n                <div class=\"body-button\"><\/div>\n                \n            <\/div>\n        <\/div><\/div>\t\t\t\t<\/div>\n\t\t\t\t<\/div>\n\t\t\t\t\t<\/div>\n\t\t<\/div>\n\t\t\t\t<div class=\"elementor-column elementor-col-50 elementor-inner-column elementor-element elementor-element-c21af7c\" data-id=\"c21af7c\" data-element_type=\"column\" data-e-type=\"column\">\n\t\t\t<div class=\"elementor-widget-wrap elementor-element-populated\">\n\t\t\t\t\t\t<div class=\"elementor-element elementor-element-a64afda elementor-widget elementor-widget-text-editor\" data-id=\"a64afda\" data-element_type=\"widget\" data-e-type=\"widget\" data-widget_type=\"text-editor.default\">\n\t\t\t\t<div class=\"elementor-widget-container\">\n\t\t\t\t\t\t\t\t\t<h3>Dr. Dt. Ahmet Yigit Hepsenol <\/h3><p class=\"p1\"><b>\u00c9DUCATION<\/b><\/p><p class=\"p1\">2001-2008 Doctorat en chirurgie orale et maxillo-faciale, Universit\u00e9 Ege, Facult\u00e9 de m\u00e9decine dentaire, Izmir,<\/p><p class=\"p1\">Turquie<\/p><p class=\"p2\"><span class=\"s1\">Th\u00e8se de doctorat : Les <\/span>r\u00e9sultats cliniques des implants dentaires pos\u00e9s chez des patients atteints de cancer du sein.<\/p><p class=\"p2\">les cr\u00eates atrophiques \u00e0 l&rsquo;aide de diverses m\u00e9thodes d&rsquo;augmentation<\/p><p class=\"p1\">1996-2001 Licence en odontologie, Universit\u00e9 d&rsquo;Ege, Facult\u00e9 d&rsquo;odontologie, Izmir, Turquie<\/p><p class=\"p1\"><b>CERTIFICATS<\/b><\/p><p class=\"p3\"><b>Certificat d&rsquo;assistance respiratoire avanc\u00e9e, 2016<\/b><\/p><p class=\"p1\">Certificat de manipulation des tissus mous en implantologie orale, 2016<\/p><p class=\"p1\">Certificat de chirurgien buccal et maxillo-facial (du minist\u00e8re de la sant\u00e9), 2014<\/p><p class=\"p1\">Certificat de cours sur les principes cranio-maxillo-faciaux, AOCMF, 2010<b>.<\/b><\/p><p class=\"p1\">Membre de l&rsquo;Association dentaire turque (depuis 2008)<\/p><p class=\"p1\">Membre de l&rsquo;ITI (International Team for Implantology) (depuis 2011)<\/p><p class=\"p1\">Membre de l&rsquo;AO CMF (depuis 2008)<\/p><p class=\"p1\">Membre de l&rsquo;Association turque de chirurgie orale et maxillo-faciale (depuis 2003)<\/p>\t\t\t\t\t\t\t\t<\/div>\n\t\t\t\t<\/div>\n\t\t\t\t\t<\/div>\n\t\t<\/div>\n\t\t\t\t\t<\/div>\n\t\t<\/section>\n\t\t\t\t\t<\/div>\n\t\t<\/div>\n\t\t\t\t\t<\/div>\n\t\t<\/section>\n\t\t<div class=\"elementor-element elementor-element-cf1868a e-flex e-con-boxed e-con e-parent\" data-id=\"cf1868a\" data-element_type=\"container\" data-e-type=\"container\">\n\t\t\t\t\t<div class=\"e-con-inner\">\n\t\t\t\t<div class=\"elementor-element elementor-element-a3b03c8 elementor-widget elementor-widget-text-editor\" data-id=\"a3b03c8\" data-element_type=\"widget\" data-e-type=\"widget\" data-widget_type=\"text-editor.default\">\n\t\t\t\t<div class=\"elementor-widget-container\">\n\t\t\t\t\t\t\t\t\t<p class=\"p1\"><b>PUBLICATIONS<\/b><\/p><p class=\"p1\"><span class=\"s2\">1. <\/span>Koca H, Alpoz E, Sarac CA, Hepsenol AY, Seckin T. Diagnostic et traitement de la maladie d&rsquo;Alzheimer.<\/p><p class=\"p1\">Sialolithes : Trois rapports de cas Turkish Clinic J Dental Sci 2009 ; 15(3) : 228-233.<\/p><p class=\"p1\"><span class=\"s2\">2. <\/span>Koca H, Ergun S, Seckin T, Hepsenol AY. Impacted Primary Teeth as A Rare Condition (Dents primaires incluses en tant que condition rare) : <\/p><p class=\"p1\">Rapport de cas : Turkish Clinics J Dental Sci 2009 ; 15(2) : 130-134<\/p><p class=\"p4\">3. Koca H, Alpoz E, Hepsenol AY. Fracture du maxillaire ant\u00e9rieur due \u00e0 la progression de la maladie. <\/p><p class=\"p4\">Scl\u00e9rose syst\u00e9mique Turkish Clinic J Dental Sci 2008 ; 14(2) : 110-113<\/p><p class=\"p4\">4. Koca H, Alpoz, E, Hepsenol AY. Langerhans Cel Histiocytosis : Manifestations cliniques et <\/p><p class=\"p4\">Traitement. Journal of Turkish Oral and Maxillofacial Surgery 2007 ; 11 : 12-16 <\/p><p class=\"p4\"><b>PR\u00c9SENTATIONS ORALES<\/b><\/p><p class=\"p1\">1. Koca H, Kazanc A, Sarac A, Seckin T, Hepsenol AY, Savran A. Cyst Treatment in<\/p><p class=\"p1\">Enfants. 29 ao\u00fbt &#8211; 2 septembre 2005. 17e Conf\u00e9rence internationale sur les maladies bucco-dentaires  <\/p><p class=\"p1\">Chirurgie maxillo-faciale, Vienne, Autriche<\/p><p class=\"p1\">2. Koca H, Hepsenol AY. Histiocytose \u00e0 cellules de Langerhans : rapport de cas. 29 Semptembre &#8211; 01  <\/p><p class=\"p1\">Octobre 2005. Congr\u00e8s dentaire international Izmir ; Turquie. <\/p><p class=\"p1\"><b>PR\u00c9SENTATIONS DE POSTERS<\/b><\/p><p class=\"p1\">1. 2. Hepsenol AY, Koca H, Kazanc A, Seckin T. R\u00e9sultats cliniques des implants dentaires pos\u00e9s dans le cadre d&rsquo;un projet de recherche.<\/p><p class=\"p1\">chez les patients pr\u00e9sentant des cr\u00eates atrophiques en utilisant diff\u00e9rentes m\u00e9thodes d&rsquo;augmentation. 18-20<\/p><p class=\"p1\">Septembre 2008. 17e r\u00e9union scientifique annuelle de l&rsquo;EAO. Varsovie, Pologne  <\/p><p class=\"p1\">Koca H, Gogus S, Hepsenol AY. Molaires primaires incluses : Rapport de deux cas.  12-14<\/p><p class=\"p1\">Avril 2007. 12\u00e8me Congr\u00e8s de la BaSS. \u0130stanbul, Turquie3. Koca H, Alpoz E, Hepsenol AY. Histiocytose \u00e0 cellules de Langerhans : A clinical and therapeutic    <\/p><p class=\"p1\">\u00e9valuation. 12-14 avril 2007. 12e congr\u00e8s de la BaSS, \u0130stanbul, Turquie.  <\/p><p class=\"p4\"><b>CONGR\u00c8S et SYMPOS\u0130UMS<\/b><\/p><p class=\"p4\">Alpha-Bio Tec. Congr\u00e8s international. Avril 2014, Antalya  <\/p><p class=\"p4\">23\u00e8me Congr\u00e8s de l&rsquo;Association Europ\u00e9enne d&rsquo;Ost\u00e9oint\u00e9gration. Septembre 2014, Rome <\/p><p class=\"p4\">4e symposium international de la soci\u00e9t\u00e9 turque d&rsquo;implantologie orale. Janvier 2008, Istanbul <\/p><p class=\"p4\">17\u00e8me Congr\u00e8s de l&rsquo;Association Europ\u00e9enne de Chirurgie Cr\u00e2nio-Maxillofaciale. Semptembre <\/p><p class=\"p4\">2004, Tours, France<\/p>\t\t\t\t\t\t\t\t<\/div>\n\t\t\t\t<\/div>\n\t\t\t\t\t<\/div>\n\t\t\t\t<\/div>\n\t\t\t\t<\/div>\n\t\t","protected":false},"excerpt":{"rendered":"<p>Nos m\u00e9decins Une \u00e9quipe de professionnels Nous avons plus de 25 ans d&rsquo;exp\u00e9rience Dr. Dt. Ahmet Yigit Hepsenol Dentist Oral and Maxillofacial Surgery Dr. Dt. Ahmet Yigit Hepsenol \u00c9DUCATION 2001-2008 Doctorat en chirurgie orale et maxillo-faciale, Universit\u00e9 Ege, Facult\u00e9 de m\u00e9decine dentaire, Izmir, Turquie Th\u00e8se de doctorat : Les r\u00e9sultats cliniques des implants dentaires pos\u00e9s [&hellip;]<\/p>\n","protected":false},"author":2,"featured_media":0,"parent":4652,"menu_order":0,"comment_status":"closed","ping_status":"closed","template":"elementor_header_footer","meta":{"footnotes":""},"class_list":["post-6324","page","type-page","status-publish","hentry"],"_links":{"self":[{"href":"https:\/\/dentleonturkey.com\/fr\/wp-json\/wp\/v2\/pages\/6324","targetHints":{"allow":["GET"]}}],"collection":[{"href":"https:\/\/dentleonturkey.com\/fr\/wp-json\/wp\/v2\/pages"}],"about":[{"href":"https:\/\/dentleonturkey.com\/fr\/wp-json\/wp\/v2\/types\/page"}],"author":[{"embeddable":true,"href":"https:\/\/dentleonturkey.com\/fr\/wp-json\/wp\/v2\/users\/2"}],"replies":[{"embeddable":true,"href":"https:\/\/dentleonturkey.com\/fr\/wp-json\/wp\/v2\/comments?post=6324"}],"version-history":[{"count":1,"href":"https:\/\/dentleonturkey.com\/fr\/wp-json\/wp\/v2\/pages\/6324\/revisions"}],"predecessor-version":[{"id":6325,"href":"https:\/\/dentleonturkey.com\/fr\/wp-json\/wp\/v2\/pages\/6324\/revisions\/6325"}],"up":[{"embeddable":true,"href":"https:\/\/dentleonturkey.com\/fr\/wp-json\/wp\/v2\/pages\/4652"}],"wp:attachment":[{"href":"https:\/\/dentleonturkey.com\/fr\/wp-json\/wp\/v2\/media?parent=6324"}],"curies":[{"name":"wp","href":"https:\/\/api.w.org\/{rel}","templated":true}]}}